{"id":175,"date":"2019-02-20T20:45:03","date_gmt":"2019-02-20T20:45:03","guid":{"rendered":"http:\/\/www.innovationplans.com\/themeforest\/sodic\/wp\/?page_id=175"},"modified":"2023-09-25T08:41:25","modified_gmt":"2023-09-25T05:41:25","slug":"contact-us","status":"publish","type":"page","link":"https:\/\/extrudeplus.com\/index.php\/contact-us\/","title":{"rendered":"Contact Us"},"content":{"rendered":"<style>\/*! elementor - v3.15.0 - 20-08-2023 *\/\n.elementor-heading-title{padding:0;margin:0;line-height:1}.elementor-widget-heading .elementor-heading-title[class*=elementor-size-]>a{color:inherit;font-size:inherit;line-height:inherit}.elementor-widget-heading .elementor-heading-title.elementor-size-small{font-size:15px}.elementor-widget-heading .elementor-heading-title.elementor-size-medium{font-size:19px}.elementor-widget-heading .elementor-heading-title.elementor-size-large{font-size:29px}.elementor-widget-heading .elementor-heading-title.elementor-size-xl{font-size:39px}.elementor-widget-heading .elementor-heading-title.elementor-size-xxl{font-size:59px}<\/style>\n<h1>Contact Us<\/h1>\n<h3>Our Location<\/h3>\n<p>Atat\u00fcrk mh. Ertu\u011frul Gazi Sok. Metropol \u0130stanbul A Blok No:2E Kat:21 D:331 34758 Ata\u015fehir \/\u0130stanbul<\/p>\n<p>ul. &#8220;Nish&#8221; 30, 7002 Yalta, Ruse, Bulgaria<\/p>\n<p>\t  <!--\/.cont--><br \/>\n\t  <!--\/.box-small-icon--><\/p>\n<h3>Let&#8217;s Talk<\/h3>\n<p>Tel : +90 216 606 58 32<br \/>Whatsapp : +359 87 778 6792<\/p>\n<p>\t  <!--\/.cont--><br \/>\n\t  <!--\/.box-small-icon--><\/p>\n<h3>E-mail Us<\/h3>\n<p>hello@extrudeplus.com<\/p>\n<p>\t  <!--\/.cont--><br \/>\n\t  <!--\/.box-small-icon--><\/p>\n<p role=\"status\" aria-live=\"polite\" aria-atomic=\"true\">\n<ul><\/ul>\n<form action=\"\/wp-admin\/admin-ajax.php#wpcf7-f296-o1\" method=\"post\" aria-label=\"Contact form\" novalidate=\"novalidate\" data-status=\"init\">\n<input type=\"hidden\" name=\"_wpcf7\" value=\"296\" \/><br \/>\n<input type=\"hidden\" name=\"_wpcf7_version\" value=\"5.8\" \/><br \/>\n<input type=\"hidden\" name=\"_wpcf7_locale\" value=\"en_US\" \/><br \/>\n<input type=\"hidden\" name=\"_wpcf7_unit_tag\" value=\"wpcf7-f296-o1\" \/><br \/>\n<input type=\"hidden\" name=\"_wpcf7_container_post\" value=\"0\" \/><br \/>\n<input type=\"hidden\" name=\"_wpcf7_posted_data_hash\" value=\"\" \/><br \/>\n<input type=\"hidden\" name=\"_wpcf7_recaptcha_response\" value=\"\" \/><\/p>\n<p><input size=\"40\" aria-required=\"true\" aria-invalid=\"false\" placeholder=\"Your Name...\" value=\"\" type=\"text\" name=\"your-name\" \/><br \/>\n<input size=\"40\" aria-required=\"true\" aria-invalid=\"false\" placeholder=\"Cell Phone...\" value=\"\" type=\"tel\" name=\"cell-phone\" \/>\n<\/p>\n<p><input size=\"40\" aria-required=\"true\" aria-invalid=\"false\" placeholder=\"Email Address...\" value=\"\" type=\"email\" name=\"your-email\" \/><br \/>\n<input size=\"40\" aria-required=\"true\" aria-invalid=\"false\" placeholder=\"Subject...\" value=\"\" type=\"text\" name=\"subject\" \/>\n<\/p>\n<p><textarea cols=\"40\" rows=\"10\" aria-invalid=\"false\" placeholder=\"Your Message\" name=\"your-message\"><\/textarea>\n<\/p>\n<p><input type=\"submit\" value=\"Send Message\" \/>\n<\/p>\n<\/form>\n","protected":false},"excerpt":{"rendered":"<p>Contact Us Our Location Atat\u00fcrk mh. Ertu\u011frul Gazi Sok. Metropol \u0130stanbul A Blok No:2E Kat:21 D:331 34758 Ata\u015fehir \/\u0130stanbul ul. &#8220;Nish&#8221; 30, 7002 Yalta, Ruse, Bulgaria Let&#8217;s Talk Tel : +90 216 606 58 32Whatsapp : +359 87 778 6792 E-mail Us hello@extrudeplus.com<\/p>\n","protected":false},"author":1,"featured_media":0,"parent":0,"menu_order":0,"comment_status":"closed","ping_status":"closed","template":"blank-builder.php","meta":{"om_disable_all_campaigns":false,"_mi_skip_tracking":false,"footnotes":""},"class_list":["post-175","page","type-page","status-publish","hentry"],"aioseo_notices":[],"_links":{"self":[{"href":"https:\/\/extrudeplus.com\/index.php\/wp-json\/wp\/v2\/pages\/175","targetHints":{"allow":["GET"]}}],"collection":[{"href":"https:\/\/extrudeplus.com\/index.php\/wp-json\/wp\/v2\/pages"}],"about":[{"href":"https:\/\/extrudeplus.com\/index.php\/wp-json\/wp\/v2\/types\/page"}],"author":[{"embeddable":true,"href":"https:\/\/extrudeplus.com\/index.php\/wp-json\/wp\/v2\/users\/1"}],"replies":[{"embeddable":true,"href":"https:\/\/extrudeplus.com\/index.php\/wp-json\/wp\/v2\/comments?post=175"}],"version-history":[{"count":13,"href":"https:\/\/extrudeplus.com\/index.php\/wp-json\/wp\/v2\/pages\/175\/revisions"}],"predecessor-version":[{"id":2688,"href":"https:\/\/extrudeplus.com\/index.php\/wp-json\/wp\/v2\/pages\/175\/revisions\/2688"}],"wp:attachment":[{"href":"https:\/\/extrudeplus.com\/index.php\/wp-json\/wp\/v2\/media?parent=175"}],"curies":[{"name":"wp","href":"https:\/\/api.w.org\/{rel}","templated":true}]}}