{"id":2643,"date":"2023-08-29T15:08:59","date_gmt":"2023-08-29T12:08:59","guid":{"rendered":"https:\/\/extrudeplus.com\/?page_id=2643"},"modified":"2023-08-29T15:13:38","modified_gmt":"2023-08-29T12:13:38","slug":"inquiry","status":"publish","type":"page","link":"https:\/\/extrudeplus.com\/index.php\/inquiry\/","title":{"rendered":"Inquiry"},"content":{"rendered":"<style>\/*! elementor - v3.15.0 - 20-08-2023 *\/\n.elementor-heading-title{padding:0;margin:0;line-height:1}.elementor-widget-heading .elementor-heading-title[class*=elementor-size-]>a{color:inherit;font-size:inherit;line-height:inherit}.elementor-widget-heading .elementor-heading-title.elementor-size-small{font-size:15px}.elementor-widget-heading .elementor-heading-title.elementor-size-medium{font-size:19px}.elementor-widget-heading .elementor-heading-title.elementor-size-large{font-size:29px}.elementor-widget-heading .elementor-heading-title.elementor-size-xl{font-size:39px}.elementor-widget-heading .elementor-heading-title.elementor-size-xxl{font-size:59px}<\/style>\n<h1>Inquiry<\/h1>\n<form id=\"wpforms-form-2622\" data-formid=\"2622\" method=\"post\" enctype=\"multipart\/form-data\" action=\"\/wp-admin\/admin-ajax.php?wpforms_form_id=2622\" data-token=\"a90b93f18eedf997230c0adb6222be73\"><noscript>Bu formu bitirebilmek i\u00e7in taray\u0131c\u0131n\u0131zda JavaScript&#039;i etkinle\u015ftirin.<\/noscript><label for=\"wpforms-2622-field_1\">1 &#8211; UPLOAD CAD FILE *<\/label><br \/>\n\t\t<svg viewBox=\"0 0 1024 1024\" focusable=\"false\" data-icon=\"inbox\" width=\"50px\" height=\"50px\" fill=\"#b1b1b1\" aria-hidden=\"true\">\n\t\t\t<path d=\"M885.2 446.3l-.2-.8-112.2-285.1c-5-16.1-19.9-27.2-36.8-27.2H281.2c-17 0-32.1 11.3-36.9 27.6L139.4 443l-.3.7-.2.8c-1.3 4.9-1.7 9.9-1 14.8-.1 1.6-.2 3.2-.2 4.8V830a60.9 60.9 0 0 0 60.8 60.8h627.2c33.5 0 60.8-27.3 60.9-60.8V464.1c0-1.3 0-2.6-.1-3.7.4-4.9 0-9.6-1.3-14.1zm-295.8-43l-.3 15.7c-.8 44.9-31.8 75.1-77.1 75.1-22.1 0-41.1-7.1-54.8-20.6S436 441.2 435.6 419l-.3-15.7H229.5L309 210h399.2l81.7 193.3H589.4zm-375 76.8h157.3c24.3 57.1 76 90.8 140.4 90.8 33.7 0 65-9.4 90.3-27.2 22.2-15.6 39.5-37.4 50.7-63.6h156.5V814H214.4V480.1z\"><\/path>\n\t\t<\/svg><br \/>\n\t\tY\u00fcklemek i\u00e7in t\u0131klay\u0131n veya dosyay\u0131 bu alana s\u00fcr\u00fckleyin.<br \/>\n<input\n\t\ttype=\"text\"\n\t\tautocomplete=\"off\"\n\t\tclass=\"dropzone-input\"\n\t\tstyle=\"position:absolute!important;clip:rect(0,0,0,0)!important;height:1px!important;width:1px!important;border:0!important;overflow:hidden!important;padding:0!important;margin:0!important;\"\n\t\tid=\"wpforms-2622-field_1\"\n\t\tname=\"wpforms_2622_1\" required\t\tvalue=\"\"><br \/>\nMax. 100 MB, allowed extensions: 2D dwg\/dxf, stp, step, igs, iges, catpart, prt, x_t, x_b, sldprt. Also you can prepare a .zip,.rar,*.7zip file and send us.<label for=\"wpforms-2622-field_2\">SELECT MATERIAL *<\/label><select id=\"wpforms-2622-field_2\" data-size-class=\"wpforms-field-row wpforms-field-medium\" data-search-enabled=\"1\" name=\"wpforms[fields][2]\" required=\"required\"><option value=\"\" disabled >SELECT<\/option><option value=\"SELECT\"  selected='selected'>SELECT<\/option><option value=\"AA5005\" >AA5005<\/option><option value=\"AA5002\" >AA5002<\/option><option value=\"AA5004\" >AA5004<\/option><option value=\"AA5006\" >AA5006<\/option><option value=\"AA5083\" >AA5083<\/option><option value=\"AA5182\" >AA5182<\/option><option value=\"AA5456\" >AA5456<\/option><option value=\"AA6000\" >AA6000<\/option><option value=\"AA6005\" >AA6005<\/option><option value=\"AA6060\" >AA6060<\/option><option value=\"AA6061\" >AA6061<\/option><option value=\"AA6063\" >AA6063<\/option><option value=\"AA6082\" >AA6082<\/option><option value=\"AA6105\" >AA6105<\/option><option value=\"AA6360\" >AA6360<\/option><option value=\"AA6463\" >AA6463<\/option><option value=\"AA6N01\" >AA6N01<\/option><option value=\"AA7004\" >AA7004<\/option><option value=\"AA7005\" >AA7005<\/option><option value=\"AA7046\" >AA7046<\/option><option value=\"AA7050\" >AA7050<\/option><option value=\"AA7150\" >AA7150<\/option><option value=\"AA7449\" >AA7449<\/option><option value=\"AA7450\" >AA7450<\/option><option value=\"AA7N01\" >AA7N01<\/option><option value=\"\" ><\/option><\/select>If your aluminum alloy belongs to a different series, enter it manually below.<br \/>\n<label for=\"wpforms-2622-field_3\">OTHER ALUMINUM ALLOYS<\/label><input type=\"text\" id=\"wpforms-2622-field_3\" name=\"wpforms[fields][3]\" ><label for=\"wpforms-2622-field_4\">SELECT ANALYSIS SEQUENCE *<\/label><\/p>\n<ul id=\"wpforms-2622-field_4\">\n<li><input type=\"checkbox\" id=\"wpforms-2622-field_4_1\" name=\"wpforms[fields][4][]\" value=\"FLOW\" required ><label for=\"wpforms-2622-field_4_1\">FLOW<\/label><\/li>\n<li><input type=\"checkbox\" id=\"wpforms-2622-field_4_2\" name=\"wpforms[fields][4][]\" value=\"FLOW+DIE (MECHANICAL)\" required ><label for=\"wpforms-2622-field_4_2\">FLOW+DIE (MECHANICAL)<\/label><\/li>\n<\/ul>\n<p><label for=\"wpforms-2622-field_22\">PROCESS SETTINGS<\/label><label for=\"wpforms-2622-field_6\">BILLET DIAMETER (mm) *<\/label><input type=\"text\" id=\"wpforms-2622-field_6\" name=\"wpforms[fields][6]\" required><label for=\"wpforms-2622-field_9\">PRESS CAPACITY (MN) *<\/label><input type=\"text\" id=\"wpforms-2622-field_9\" name=\"wpforms[fields][9]\" required><label for=\"wpforms-2622-field_13\">DIE TEMPERATURE (C\u00b0) *<\/label><input type=\"text\" id=\"wpforms-2622-field_13\" name=\"wpforms[fields][13]\" required><label for=\"wpforms-2622-field_11\">RAM SPEED (mm\/sec) *<\/label><input type=\"text\" id=\"wpforms-2622-field_11\" name=\"wpforms[fields][11]\" required><label for=\"wpforms-2622-field_21\">DIE STEEL *<\/label><select id=\"wpforms-2622-field_21\" name=\"wpforms[fields][21]\" required=\"required\"><option value=\"SELECT\" >SELECT<\/option><option value=\"H11\" >H11<\/option><option value=\"H13\" >H13<\/option><option value=\"\" ><\/option><\/select><label for=\"wpforms-2622-field_8\">BILLET LENGHT (mm) *<\/label><input type=\"text\" id=\"wpforms-2622-field_8\" name=\"wpforms[fields][8]\" required><label for=\"wpforms-2622-field_10\">CONTAINER DIAMETER (mm) *<\/label><input type=\"text\" id=\"wpforms-2622-field_10\" name=\"wpforms[fields][10]\" required><label for=\"wpforms-2622-field_12\">BILLET PREHEAT (C\u00b0) *<\/label><input type=\"text\" id=\"wpforms-2622-field_12\" name=\"wpforms[fields][12]\" required><label for=\"wpforms-2622-field_14\">CONTAINER TEMPERATURE (C\u00b0) *<\/label><input type=\"text\" id=\"wpforms-2622-field_14\" name=\"wpforms[fields][14]\" required><label for=\"wpforms-2622-field_23\">CAVITIES *<\/label><select id=\"wpforms-2622-field_23\" name=\"wpforms[fields][23]\" required=\"required\"><option value=\"SELECT\" >SELECT<\/option><option value=\"1\" >1<\/option><option value=\"1\" >1<\/option><option value=\"3\" >3<\/option><option value=\"4\" >4<\/option><option value=\"5\" >5<\/option><option value=\"6\" >6<\/option><option value=\"7\" >7<\/option><option value=\"8\" >8<\/option><\/select><input type=\"hidden\" name=\"wpforms[id]\" value=\"2622\">\t\t\t<input\n\t\t\t\ttype=\"hidden\"\n\t\t\t\tname=\"wpforms[nonce]\"\n\t\t\t\tvalue=\"1c17f439cd\"\n\t\t\t\/><br \/>\n\t\t\t<input type=\"hidden\" name=\"wpforms[author]\" value=\"1\"><button type=\"submit\" name=\"wpforms[submit]\" id=\"wpforms-submit-2622\" data-alt-text=\"Sending...\" data-submit-text=\"Submit\" aria-live=\"assertive\" value=\"wpforms-submit\">Submit<\/button><img loading=\"lazy\" decoding=\"async\" src=\"https:\/\/extrudeplus.com\/wp-content\/plugins\/wpforms\/assets\/images\/submit-spin.svg\" style=\"display: none;\" width=\"26\" height=\"26\" alt=\"Y\u00fckleniyor\"><\/form>\n<p>  <!-- .wpforms-container --><\/p>\n","protected":false},"excerpt":{"rendered":"<p>Inquiry Bu formu bitirebilmek i\u00e7in taray\u0131c\u0131n\u0131zda JavaScript&#039;i etkinle\u015ftirin.1 &#8211; UPLOAD CAD FILE * Y\u00fcklemek i\u00e7in t\u0131klay\u0131n veya dosyay\u0131 bu alana s\u00fcr\u00fckleyin. Max. 100 MB, allowed extensions: 2D dwg\/dxf, stp, step, igs, iges, catpart, prt, x_t, x_b, sldprt. Also you can prepare a .zip,.rar,*.7zip file and send us.SELECT MATERIAL *SELECTSELECTAA5005AA5002AA5004AA5006AA5083AA5182AA5456AA6000AA6005AA6060AA6061AA6063AA6082AA6105AA6360AA6463AA6N01AA7004AA7005AA7046AA7050AA7150AA7449AA7450AA7N01If your aluminum alloy belongs to a different series, enter it manually &hellip;<\/p>\n","protected":false},"author":1,"featured_media":0,"parent":0,"menu_order":0,"comment_status":"closed","ping_status":"closed","template":"blank-builder.php","meta":{"om_disable_all_campaigns":false,"_mi_skip_tracking":false,"footnotes":""},"class_list":["post-2643","page","type-page","status-publish","hentry"],"aioseo_notices":[],"_links":{"self":[{"href":"https:\/\/extrudeplus.com\/index.php\/wp-json\/wp\/v2\/pages\/2643","targetHints":{"allow":["GET"]}}],"collection":[{"href":"https:\/\/extrudeplus.com\/index.php\/wp-json\/wp\/v2\/pages"}],"about":[{"href":"https:\/\/extrudeplus.com\/index.php\/wp-json\/wp\/v2\/types\/page"}],"author":[{"embeddable":true,"href":"https:\/\/extrudeplus.com\/index.php\/wp-json\/wp\/v2\/users\/1"}],"replies":[{"embeddable":true,"href":"https:\/\/extrudeplus.com\/index.php\/wp-json\/wp\/v2\/comments?post=2643"}],"version-history":[{"count":7,"href":"https:\/\/extrudeplus.com\/index.php\/wp-json\/wp\/v2\/pages\/2643\/revisions"}],"predecessor-version":[{"id":2653,"href":"https:\/\/extrudeplus.com\/index.php\/wp-json\/wp\/v2\/pages\/2643\/revisions\/2653"}],"wp:attachment":[{"href":"https:\/\/extrudeplus.com\/index.php\/wp-json\/wp\/v2\/media?parent=2643"}],"curies":[{"name":"wp","href":"https:\/\/api.w.org\/{rel}","templated":true}]}}